{"id":236,"date":"2023-01-12T14:56:07","date_gmt":"2023-01-12T19:56:07","guid":{"rendered":"https:\/\/keyframestudio.co\/proenfar2023\/?page_id=236"},"modified":"2023-06-20T12:49:55","modified_gmt":"2023-06-20T12:49:55","slug":"directorio-exterior","status":"publish","type":"page","link":"https:\/\/proenfar.com\/dev2023\/directorio-exterior\/","title":{"rendered":"Directorio exterior"},"content":{"rendered":"\n<div class=\"is-layout-flex wp-container-24 wp-block-columns\">\n<div class=\"is-layout-flow wp-block-column contenedor_contenido\">\n<div class=\"is-layout-flex wp-container-2 wp-block-columns\">\n<div class=\"is-layout-flow wp-block-column\">\n<p><\/p>\n\n\n\n<h2 class=\"has-text-align-center titulo_carrucel1 subrayatiti\">DIRECTORIO EXTERIOR<\/h2>\n\n\n\n<div style=\"height:52px\" aria-hidden=\"true\" class=\"wp-block-spacer\"><\/div>\n\n\n\n<p><\/p>\n<\/div>\n<\/div>\n\n\n\n<div class=\"is-layout-flex wp-container-5 wp-block-columns\">\n<div class=\"is-layout-flow wp-block-column m5 fondodir\">\n<h2 class=\"has-text-align-center dirpais\">ARGENTINA, Buenos Aires<\/h2>\n\n\n\n<p class=\"has-text-align-center dirproenfar\"><strong>PLASTICOS BDS<\/strong><\/p>\n\n\n\n<p class=\"has-text-align-center dirtele\">Tel\u00e9fonos: (54 11) 47290105 \/ 47202485 \/ 3006<\/p>\n\n\n\n<p class=\"has-text-align-center dirmail\">E-mail:&nbsp;<a href=\"mailto:ar_sales@bdsplasticos.com.ar\">ar_sales@bdsplasticos.com.ar<\/a><\/p>\n\n\n\n<p><\/p>\n<\/div>\n\n\n\n<div class=\"is-layout-flow wp-block-column is-vertically-aligned-center m5 fondodir\">\n<h2 class=\"has-text-align-center dirpais\">COLOMBIA, Bogot\u00e1<\/h2>\n\n\n\n<p class=\"has-text-align-center dirproenfar\"><strong>PROENFAR<\/strong><\/p>\n\n\n\n<p class=\"has-text-align-center dirtele\">Tel\u00e9fono: +57 601 3648686<\/p>\n\n\n\n<p class=\"has-text-align-center dirmail\">E-mail:&nbsp;<a href=\"mailto:col_sales@proenfar.com\" target=\"_blank\" rel=\"noreferrer noopener\">col_sales@proenfar.com<\/a><\/p>\n<\/div>\n<\/div>\n\n\n\n<div class=\"is-layout-flex wp-container-12 wp-block-columns\">\n<div class=\"is-layout-flow wp-block-column\">\n<div class=\"is-layout-flex wp-container-10 wp-block-columns are-vertically-aligned-center\">\n<div class=\"is-layout-flow wp-block-column is-vertically-aligned-center m5 fondodir\">\n<h2 class=\"has-text-align-center dirpais\">COLOMBIA, Cali<\/h2>\n\n\n\n<p class=\"has-text-align-center dirproenfar\"><strong>PROENFAR<\/strong><\/p>\n\n\n\n<p class=\"has-text-align-center dirtele\">Tel\u00e9fono: +57 3115143669<\/p>\n\n\n\n<p class=\"has-text-align-center dirmail\">E-mail:&nbsp;<a href=\"mailto:alexanderjc@proenfar.com\">alexanderjc@proenfar.com<\/a><\/p>\n<\/div>\n\n\n\n<div class=\"is-layout-flow wp-block-column\">\n<div class=\"is-layout-flex wp-container-8 wp-block-columns\">\n<div class=\"is-layout-flow wp-block-column m5 fondodir\">\n<h2 class=\"has-text-align-center dirpais\">CENTRO AM\u00c9RICA, Costa Rica<\/h2>\n\n\n\n<p class=\"has-text-align-center dirtele\">Tel\u00e9fono: (+57) 1 3648686 Ext. 1127<\/p>\n\n\n\n<p class=\"has-text-align-center dirtele\">Tel\u00e9fono Celular: (+57) 3124511834<\/p>\n\n\n\n<p class=\"has-text-align-center dirtele\">Whatsapp: (+57) 3124511834<\/p>\n\n\n\n<p class=\"has-text-align-center dirmail\">E-mail:&nbsp;<a href=\"mailto:danilom@proenfar.comar.com\">danilom@proenfar.comar.com<\/a><\/p>\n<\/div>\n<\/div>\n<\/div>\n<\/div>\n<\/div>\n<\/div>\n\n\n\n<div class=\"is-layout-flex wp-container-17 wp-block-columns\">\n<div class=\"is-layout-flow wp-block-column\">\n<div class=\"is-layout-flex wp-container-15 wp-block-columns\">\n<div class=\"is-layout-flow wp-block-column m5 fondodir\">\n<h2 class=\"has-text-align-center dirpais\">ECUADOR, Quito<\/h2>\n\n\n\n<p class=\"has-text-align-center dirtele\">Tel\u00e9fonos: (593 2) 6003076 \/ 77<\/p>\n\n\n\n<p class=\"has-text-align-center dirmail\">E-mail:&nbsp;<a href=\"mailto:ec_sales@proenfar.com\">ec_sales@proenfar.com<\/a><\/p>\n<\/div>\n\n\n\n<div class=\"is-layout-flow wp-block-column m5 fondodir\">\n<h2 class=\"has-text-align-center dirpais\">PER\u00da, Lima<\/h2>\n\n\n\n<p class=\"has-text-align-center dirtele\">Tel\u00e9fonos: (511) 7772042 \/ ( 51 ) 962 348 562<\/p>\n\n\n\n<p class=\"has-text-align-center dirmail\">E-mail:&nbsp;<a href=\"mailto:pe_sales@proenfar.com\">pe_sales@proenfar.com<\/a><\/p>\n<\/div>\n<\/div>\n<\/div>\n<\/div>\n\n\n\n<div class=\"is-layout-flex wp-container-22 wp-block-columns\">\n<div class=\"is-layout-flow wp-block-column\">\n<div class=\"is-layout-flex wp-container-20 wp-block-columns\">\n<div class=\"is-layout-flow wp-block-column m5 fondodir\">\n<h2 class=\"has-text-align-center dirpais\">REPUBLICA DOMINICANA, Santo Domingo<\/h2>\n\n\n\n<p class=\"has-text-align-center dirtele\">Tel\u00e9fono: (1809) 5633109<\/p>\n\n\n\n<p class=\"has-text-align-center dirmail\">E-mail:&nbsp;<a href=\"mailto:do_sales@proenfar.com\">do_sales@proenfar.com<\/a><\/p>\n<\/div>\n\n\n\n<div class=\"is-layout-flow wp-block-column m5 fondodir\">\n<h2 class=\"has-text-align-center dirpais\">VENEZUELA, Caracas<\/h2>\n\n\n\n<p class=\"has-text-align-center dirtele\">Tel\u00e9fono Celular: (+57) 311 476 6420<\/p>\n\n\n\n<p class=\"has-text-align-center dirtele\">Whatsapp:  ( +57 ) 311 476 6420<\/p>\n\n\n\n<p class=\"has-text-align-center dirmail\">E-mail:&nbsp;<a href=\"mailto:ve_sales@proenfar.com\">ve_sales@proenfar.com<\/a><\/p>\n<\/div>\n<\/div>\n<\/div>\n<\/div>\n<\/div>\n<\/div>\n\n\n\n<div style=\"height:100px\" aria-hidden=\"true\" class=\"wp-block-spacer\"><\/div>\n","protected":false},"excerpt":{"rendered":"<p>DIRECTORIO EXTERIOR ARGENTINA, Buenos Aires PLASTICOS BDS Tel\u00e9fonos: (54 11) 47290105 \/ 47202485 \/ 3006 E-mail:&nbsp;ar_sales@bdsplasticos.com.ar COLOMBIA, Bogot\u00e1 PROENFAR Tel\u00e9fono: +57 601 3648686 E-mail:&nbsp;col_sales@proenfar.com COLOMBIA, Cali PROENFAR Tel\u00e9fono: +57 3115143669 E-mail:&nbsp;alexanderjc@proenfar.com CENTRO AM\u00c9RICA, Costa Rica Tel\u00e9fono: (+57) 1 3648686 Ext. 1127 Tel\u00e9fono Celular: (+57) 3124511834 Whatsapp: (+57) 3124511834 E-mail:&nbsp;danilom@proenfar.comar.com ECUADOR, Quito Tel\u00e9fonos: (593 2) 6003076 [&hellip;]<\/p>\n","protected":false},"author":1,"featured_media":0,"parent":0,"menu_order":0,"comment_status":"closed","ping_status":"closed","template":"page-templates\/pagina-contenido-form.php","meta":{"inline_featured_image":false,"_genesis_hide_title":false,"_genesis_hide_breadcrumbs":false,"_genesis_hide_singular_image":false,"_genesis_hide_footer_widgets":false,"_genesis_custom_body_class":"","_genesis_custom_post_class":"","_genesis_layout":""},"categories":[],"tags":[],"acf":[],"_links":{"self":[{"href":"https:\/\/proenfar.com\/dev2023\/wp-json\/wp\/v2\/pages\/236"}],"collection":[{"href":"https:\/\/proenfar.com\/dev2023\/wp-json\/wp\/v2\/pages"}],"about":[{"href":"https:\/\/proenfar.com\/dev2023\/wp-json\/wp\/v2\/types\/page"}],"author":[{"embeddable":true,"href":"https:\/\/proenfar.com\/dev2023\/wp-json\/wp\/v2\/users\/1"}],"replies":[{"embeddable":true,"href":"https:\/\/proenfar.com\/dev2023\/wp-json\/wp\/v2\/comments?post=236"}],"version-history":[{"count":13,"href":"https:\/\/proenfar.com\/dev2023\/wp-json\/wp\/v2\/pages\/236\/revisions"}],"predecessor-version":[{"id":1251,"href":"https:\/\/proenfar.com\/dev2023\/wp-json\/wp\/v2\/pages\/236\/revisions\/1251"}],"wp:attachment":[{"href":"https:\/\/proenfar.com\/dev2023\/wp-json\/wp\/v2\/media?parent=236"}],"wp:term":[{"taxonomy":"category","embeddable":true,"href":"https:\/\/proenfar.com\/dev2023\/wp-json\/wp\/v2\/categories?post=236"},{"taxonomy":"post_tag","embeddable":true,"href":"https:\/\/proenfar.com\/dev2023\/wp-json\/wp\/v2\/tags?post=236"}],"curies":[{"name":"wp","href":"https:\/\/api.w.org\/{rel}","templated":true}]}}