{"id":121,"date":"2023-01-08T14:58:26","date_gmt":"2023-01-08T19:58:26","guid":{"rendered":"https:\/\/keyframestudio.co\/proenfar2023\/?page_id=121"},"modified":"2023-06-27T01:46:12","modified_gmt":"2023-06-27T01:46:12","slug":"sostenibilidad","status":"publish","type":"page","link":"https:\/\/proenfar.com\/dev2023\/sostenibilidad\/","title":{"rendered":"Sostenibilidad"},"content":{"rendered":"\n<div class=\"is-layout-flex wp-container-25 wp-block-columns\">\n<div class=\"is-layout-flow wp-block-column has-background\" style=\"background-color:#f1f7f0\">\n<div class=\"is-layout-flex wp-container-2 wp-block-columns\">\n<div class=\"is-layout-flow wp-block-column\"><div class=\"wp-block-image\">\n<figure class=\"aligncenter size-full is-resized\"><img decoding=\"async\" loading=\"lazy\" src=\"https:\/\/proenfar.com\/dev2023\/wp-content\/uploads\/2023\/01\/arrow_down.gif\" alt=\"\" class=\"wp-image-452\" width=\"64\" height=\"64\"\/><\/figure><\/div><\/div>\n<\/div>\n\n\n\n<div class=\"is-layout-flex wp-container-23 wp-block-columns contenedor_contenido mt-5 has-background\" style=\"background-color:#ffffff00\">\n<div class=\"is-layout-flow wp-block-column\">\n<figure class=\"wp-block-image size-full\"><img decoding=\"async\" loading=\"lazy\" width=\"557\" height=\"689\" src=\"https:\/\/proenfar.com\/dev2023\/wp-content\/uploads\/2023\/01\/sostenibilidad-proenfar-empaques-para-una-vida-mejor.png\" alt=\"\" class=\"wp-image-395\" srcset=\"https:\/\/proenfar.com\/dev2023\/wp-content\/uploads\/2023\/01\/sostenibilidad-proenfar-empaques-para-una-vida-mejor.png 557w, https:\/\/proenfar.com\/dev2023\/wp-content\/uploads\/2023\/01\/sostenibilidad-proenfar-empaques-para-una-vida-mejor-243x300.png 243w\" sizes=\"(max-width: 557px) 100vw, 557px\" \/><\/figure>\n<\/div>\n\n\n\n<div class=\"is-layout-flow wp-block-column\">\n<div class=\"is-layout-flex wp-container-21 wp-block-columns\">\n<div class=\"is-layout-flow wp-block-column\">\n<div class=\"is-layout-flex wp-container-19 wp-block-columns\">\n<div class=\"is-layout-flow wp-block-column\">\n<div class=\"is-layout-flex wp-container-17 wp-block-columns\">\n<div class=\"is-layout-flow wp-block-column\">\n<div class=\"is-layout-flex wp-container-15 wp-block-columns\">\n<div class=\"is-layout-flow wp-block-column\">\n<p class=\"subrayatiti titulo1\">Un compromiso clave para una vida mejor<\/p>\n\n\n\n<div class=\"is-layout-flex wp-container-5 wp-block-columns\">\n<div class=\"is-layout-flow wp-block-column\">\n<p>En Proenfar a trav\u00e9s de la sostenibilidad y la innovaci\u00f3n impactamos la cadena de valor de los empaques pl\u00e1sticos transform\u00e1ndolos en dise\u00f1os sostenibles y amigables con el medio ambiente. Desarrollando productos que garantizan la seguridad, la resistencia, las propiedades de barrera, contribuyendo a una econom\u00eda circular.<\/p>\n<\/div>\n<\/div>\n\n\n\n<div class=\"is-layout-flex wp-container-13 wp-block-columns\">\n<div class=\"is-layout-flow wp-block-column\">\n<div class=\"is-layout-flex wp-container-8 wp-block-columns\">\n<div class=\"is-layout-flow wp-block-column\" style=\"flex-basis:20%\">\n<figure class=\"wp-block-image size-full\"><img decoding=\"async\" loading=\"lazy\" width=\"62\" height=\"62\" src=\"https:\/\/proenfar.com\/dev2023\/wp-content\/uploads\/2023\/01\/icono-equipo-trabajo-proenfar.png\" alt=\"\" class=\"wp-image-336\"\/><\/figure>\n<\/div>\n\n\n\n<div class=\"is-layout-flow wp-block-column\" style=\"flex-basis:80%\">\n<p class=\"titulo_noticia\"><strong>Mejores pr\u00e1cticas laborales<\/strong><\/p>\n\n\n\n<p>Paralelamente al desarrollo sostenible implementamos las mejores pr\u00e1cticas laborales para la seguridad y el bienestar de nuestros colaboradores.<\/p>\n<\/div>\n<\/div>\n\n\n\n<div class=\"is-layout-flex wp-container-11 wp-block-columns\">\n<div class=\"is-layout-flow wp-block-column\" style=\"flex-basis:20%\">\n<figure class=\"wp-block-image size-full\"><img decoding=\"async\" loading=\"lazy\" width=\"62\" height=\"62\" src=\"https:\/\/proenfar.com\/dev2023\/wp-content\/uploads\/2023\/01\/icono-acciones-sostenibilidad-proenfar.png\" alt=\"\" class=\"wp-image-362\"\/><\/figure>\n<\/div>\n\n\n\n<div class=\"is-layout-flow wp-block-column\" style=\"flex-basis:80%\">\n<p class=\"titulo_noticia\"><strong>Portafolio de productos<\/strong>&nbsp;<\/p>\n\n\n\n<ul>\n<li>Desarrollamos empaques con materiales reciclables en alianza con proveedores locales y globales.<\/li>\n\n\n\n<li>B\u00fasqueda constante de materias primas amigables con el medio ambiente.<\/li>\n\n\n\n<li>Nuestros productos facilitan la disposici\u00f3n final durante el proceso de reciclaje.<\/li>\n<\/ul>\n<\/div>\n<\/div>\n<\/div>\n<\/div>\n<\/div>\n<\/div>\n<\/div>\n<\/div>\n<\/div>\n<\/div>\n<\/div>\n<\/div>\n<\/div>\n<\/div>\n<\/div>\n<\/div>\n","protected":false},"excerpt":{"rendered":"<p>Un compromiso clave para una vida mejor En Proenfar a trav\u00e9s de la sostenibilidad y la innovaci\u00f3n impactamos la cadena de valor de los empaques pl\u00e1sticos transform\u00e1ndolos en dise\u00f1os sostenibles y amigables con el medio ambiente. Desarrollando productos que garantizan la seguridad, la resistencia, las propiedades de barrera, contribuyendo a una econom\u00eda circular. Mejores pr\u00e1cticas [&hellip;]<\/p>\n","protected":false},"author":1,"featured_media":0,"parent":0,"menu_order":0,"comment_status":"closed","ping_status":"closed","template":"page-templates\/pagina-contenido.php","meta":{"inline_featured_image":false,"_genesis_hide_title":false,"_genesis_hide_breadcrumbs":false,"_genesis_hide_singular_image":false,"_genesis_hide_footer_widgets":false,"_genesis_custom_body_class":"","_genesis_custom_post_class":"","_genesis_layout":""},"categories":[],"tags":[],"acf":[],"_links":{"self":[{"href":"https:\/\/proenfar.com\/dev2023\/wp-json\/wp\/v2\/pages\/121"}],"collection":[{"href":"https:\/\/proenfar.com\/dev2023\/wp-json\/wp\/v2\/pages"}],"about":[{"href":"https:\/\/proenfar.com\/dev2023\/wp-json\/wp\/v2\/types\/page"}],"author":[{"embeddable":true,"href":"https:\/\/proenfar.com\/dev2023\/wp-json\/wp\/v2\/users\/1"}],"replies":[{"embeddable":true,"href":"https:\/\/proenfar.com\/dev2023\/wp-json\/wp\/v2\/comments?post=121"}],"version-history":[{"count":4,"href":"https:\/\/proenfar.com\/dev2023\/wp-json\/wp\/v2\/pages\/121\/revisions"}],"predecessor-version":[{"id":1259,"href":"https:\/\/proenfar.com\/dev2023\/wp-json\/wp\/v2\/pages\/121\/revisions\/1259"}],"wp:attachment":[{"href":"https:\/\/proenfar.com\/dev2023\/wp-json\/wp\/v2\/media?parent=121"}],"wp:term":[{"taxonomy":"category","embeddable":true,"href":"https:\/\/proenfar.com\/dev2023\/wp-json\/wp\/v2\/categories?post=121"},{"taxonomy":"post_tag","embeddable":true,"href":"https:\/\/proenfar.com\/dev2023\/wp-json\/wp\/v2\/tags?post=121"}],"curies":[{"name":"wp","href":"https:\/\/api.w.org\/{rel}","templated":true}]}}