{"id":115,"date":"2023-01-08T14:55:02","date_gmt":"2023-01-08T19:55:02","guid":{"rendered":"https:\/\/keyframestudio.co\/proenfar2023\/?page_id=115"},"modified":"2025-03-14T02:54:04","modified_gmt":"2025-03-14T02:54:04","slug":"comprometidos-con-la-calidad","status":"publish","type":"page","link":"https:\/\/proenfar.com\/dev2023\/comprometidos-con-la-calidad\/","title":{"rendered":"Comprometidos con la calidad"},"content":{"rendered":"\n<div class=\"is-layout-flex wp-container-32 wp-block-columns\">\n<div class=\"is-layout-flow wp-block-column mb-0 has-background\" style=\"background-color:#fafcf6\">\n<div class=\"is-layout-flex wp-container-30 wp-block-columns\">\n<div class=\"is-layout-flow wp-block-column contenedor_contenido\">\n<div class=\"is-layout-flex wp-container-2 wp-block-columns\">\n<div class=\"is-layout-flow wp-block-column\"><div class=\"wp-block-image\">\n<figure class=\"aligncenter size-full is-resized\"><img decoding=\"async\" loading=\"lazy\" src=\"https:\/\/proenfar.com\/dev2023\/wp-content\/uploads\/2023\/01\/arrow_down.gif\" alt=\"\" class=\"wp-image-452\" width=\"64\" height=\"64\"\/><\/figure><\/div><\/div>\n<\/div>\n\n\n\n<div class=\"is-layout-flex wp-container-26 wp-block-columns\">\n<div class=\"is-layout-flow wp-block-column p10\">\n<div class=\"is-layout-flex wp-container-4 wp-block-columns\">\n<div class=\"is-layout-flow wp-block-column\">\n<p class=\"titulo_noticia mb-5\"><strong>Calidad en nuestros procesos<\/strong><\/p>\n\n\n\n<p><\/p>\n\n\n\n<p><\/p>\n<\/div>\n<\/div>\n\n\n\n<div class=\"is-layout-flex wp-container-15 wp-block-columns\">\n<div class=\"is-layout-flow wp-block-column\">\n<div class=\"is-layout-flex wp-container-7 wp-block-columns\">\n<div class=\"is-layout-flow wp-block-column\" style=\"flex-basis:20%\"><div class=\"wp-block-image\">\n<figure class=\"aligncenter size-full\"><img decoding=\"async\" loading=\"lazy\" width=\"62\" height=\"62\" src=\"https:\/\/proenfar.com\/dev2023\/wp-content\/uploads\/2023\/01\/icono-acciones-sostenibilidad-proenfar.png\" alt=\"\" class=\"wp-image-362\"\/><\/figure><\/div><\/div>\n\n\n\n<div class=\"is-layout-flow wp-block-column\" style=\"flex-basis:80%\">\n<p>Nuestro objetivo es entregar productos que tenga un excelente desempe\u00f1o durante su vida \u00fatil, apoyados en un trabajo interconectado de las diferentes \u00e1reas de la compa\u00f1\u00eda.<\/p>\n<\/div>\n<\/div>\n\n\n\n<p class=\"titulo_noticia\"><\/p>\n\n\n\n<p><\/p>\n\n\n\n<div class=\"is-layout-flex wp-container-10 wp-block-columns mt-5\">\n<div class=\"is-layout-flow wp-block-column\" style=\"flex-basis:20%\"><div class=\"wp-block-image\">\n<figure class=\"aligncenter size-full\"><img decoding=\"async\" loading=\"lazy\" width=\"62\" height=\"62\" src=\"https:\/\/proenfar.com\/dev2023\/wp-content\/uploads\/2023\/01\/icono-equipo-trabajo-proenfar.png\" alt=\"\" class=\"wp-image-336\"\/><\/figure><\/div><\/div>\n\n\n\n<div class=\"is-layout-flow wp-block-column\" style=\"flex-basis:80%\">\n<p>La seguridad de los empaques radica en la calidad y en la capacidad de protecci\u00f3n que ofrecen a los productos envasados para asegurar su estabilidad, conservaci\u00f3n y dispensaci\u00f3n.<\/p>\n\n\n\n<p><\/p>\n\n\n\n<p>Contamos con una cultura de calidad con certificaci\u00f3n internacional ISO 9001, certificaci\u00f3n BPM ISO 15378, registros ante la FDA y el cumplimiento de est\u00e1ndares de fabricaci\u00f3n de clase mundial en ambientes controlados.&nbsp;<\/p>\n<\/div>\n<\/div>\n\n\n\n<p><\/p>\n\n\n\n<p class=\"titulo_noticia mt-5\"><strong>Asesor\u00eda en temas t\u00e9cnicos<\/strong><\/p>\n\n\n\n<p><\/p>\n\n\n\n<div class=\"is-layout-flex wp-container-13 wp-block-columns mt-5\">\n<div class=\"is-layout-flow wp-block-column\" style=\"flex-basis:20%\"><div class=\"wp-block-image\">\n<figure class=\"aligncenter size-full\"><img decoding=\"async\" loading=\"lazy\" width=\"62\" height=\"62\" src=\"https:\/\/proenfar.com\/dev2023\/wp-content\/uploads\/2023\/01\/icono-acciones-sostenibilidad-proenfar.png\" alt=\"\" class=\"wp-image-362\"\/><\/figure><\/div><\/div>\n\n\n\n<div class=\"is-layout-flow wp-block-column\" style=\"flex-basis:80%\">\n<p>Proporcionamos a nuestros clientes acompa\u00f1amiento permanente desde el inicio del proyecto hasta la implementaci\u00f3n final de sus procesos.<\/p>\n\n\n\n<p>Proporcionamos a nuestros socios estrat\u00e9gicos un acompa\u00f1amiento permanente desde el inicio del proyecto hasta la implementaci\u00f3n final de sus procesos.&nbsp;<\/p>\n<\/div>\n<\/div>\n<\/div>\n<\/div>\n<\/div>\n\n\n\n<div class=\"is-layout-flow wp-block-column p10\">\n<figure class=\"wp-block-image size-full\"><img decoding=\"async\" loading=\"lazy\" width=\"692\" height=\"571\" src=\"https:\/\/proenfar.com\/dev2023\/wp-content\/uploads\/2023\/01\/soluciones-integrales-proenfar-empaques-para-una-vida-mejor.png\" alt=\"\" class=\"wp-image-389\" srcset=\"https:\/\/proenfar.com\/dev2023\/wp-content\/uploads\/2023\/01\/soluciones-integrales-proenfar-empaques-para-una-vida-mejor.png 692w, https:\/\/proenfar.com\/dev2023\/wp-content\/uploads\/2023\/01\/soluciones-integrales-proenfar-empaques-para-una-vida-mejor-300x248.png 300w\" sizes=\"(max-width: 692px) 100vw, 692px\" \/><\/figure>\n\n\n\n<div class=\"is-layout-flex wp-container-24 wp-block-columns\">\n<div class=\"is-layout-flow wp-block-column\">\n<p class=\"titulo_noticia mt-5\"><strong>Excelencia operacional<\/strong><\/p>\n\n\n\n<p><\/p>\n\n\n\n<div class=\"is-layout-flex wp-container-19 wp-block-columns mt-5\">\n<div class=\"is-layout-flow wp-block-column\" style=\"flex-basis:20%\"><div class=\"wp-block-image\">\n<figure class=\"aligncenter size-full\"><img decoding=\"async\" loading=\"lazy\" width=\"62\" height=\"62\" src=\"https:\/\/proenfar.com\/dev2023\/wp-content\/uploads\/2023\/01\/icono-clientes-trabajo-proenfar.png\" alt=\"\" class=\"wp-image-337\"\/><\/figure><\/div><\/div>\n\n\n\n<div class=\"is-layout-flow wp-block-column\" style=\"flex-basis:80%\">\n<p>Por medio del Sistema de Excelencia Operacional Integral SEOI mejoramos nuestros procesos y&nbsp; con el modelo de gesti\u00f3n <em>Lean Manufacturing <\/em>reducimos y eliminamos el desperdicio, maximizando la creaci\u00f3n de valor de los productos manteniendo nuestros niveles de desempe\u00f1o de categor\u00eda mundial.<\/p>\n<\/div>\n<\/div>\n\n\n\n<p class=\"titulo_noticia mt-5\"><strong>Innovaci\u00f3n y desarrollo<\/strong><\/p>\n\n\n\n<p><\/p>\n\n\n\n<div class=\"is-layout-flex wp-container-22 wp-block-columns mt-5\">\n<div class=\"is-layout-flow wp-block-column\" style=\"flex-basis:20%\"><div class=\"wp-block-image\">\n<figure class=\"aligncenter size-full\"><img decoding=\"async\" loading=\"lazy\" width=\"62\" height=\"62\" src=\"https:\/\/proenfar.com\/dev2023\/wp-content\/uploads\/2023\/01\/icono-que-hacemos.png\" alt=\"\" class=\"wp-image-285\"\/><\/figure><\/div><\/div>\n\n\n\n<div class=\"is-layout-flow wp-block-column\" style=\"flex-basis:80%\">\n<p>Evolucionamos continuamente gracias a un equipo conformado por dise\u00f1adores industriales y gr\u00e1ficos, ingenieros de producto y de procesos, que centrados en los requerimientos de nuestros clientes desarrollan dise\u00f1os funcionales y est\u00e9ticos.&nbsp;&nbsp;<\/p>\n<\/div>\n<\/div>\n<\/div>\n<\/div>\n<\/div>\n<\/div>\n\n\n\n<div style=\"height:36px\" aria-hidden=\"true\" class=\"wp-block-spacer\"><\/div>\n\n\n\n<div class=\"is-layout-flex wp-container-28 wp-block-columns\">\n<div class=\"is-layout-flow wp-block-column\"><div class=\"wp-block-image\">\n<figure class=\"aligncenter size-full\"><img decoding=\"async\" loading=\"lazy\" width=\"1024\" height=\"206\" src=\"https:\/\/proenfar.com\/dev2023\/wp-content\/uploads\/2025\/03\/certificaciones-proenfar-2025.png\" alt=\"\" class=\"wp-image-1265\" srcset=\"https:\/\/proenfar.com\/dev2023\/wp-content\/uploads\/2025\/03\/certificaciones-proenfar-2025.png 1024w, https:\/\/proenfar.com\/dev2023\/wp-content\/uploads\/2025\/03\/certificaciones-proenfar-2025-300x60.png 300w, https:\/\/proenfar.com\/dev2023\/wp-content\/uploads\/2025\/03\/certificaciones-proenfar-2025-768x155.png 768w\" sizes=\"(max-width: 1024px) 100vw, 1024px\" \/><\/figure><\/div><\/div>\n<\/div>\n\n\n\n<div style=\"height:161px\" aria-hidden=\"true\" class=\"wp-block-spacer\"><\/div>\n<\/div>\n<\/div>\n<\/div>\n<\/div>\n","protected":false},"excerpt":{"rendered":"<p>Calidad en nuestros procesos Nuestro objetivo es entregar productos que tenga un excelente desempe\u00f1o durante su vida \u00fatil, apoyados en un trabajo interconectado de las diferentes \u00e1reas de la compa\u00f1\u00eda. La seguridad de los empaques radica en la calidad y en la capacidad de protecci\u00f3n que ofrecen a los productos envasados para asegurar su estabilidad, [&hellip;]<\/p>\n","protected":false},"author":1,"featured_media":0,"parent":0,"menu_order":0,"comment_status":"closed","ping_status":"closed","template":"page-templates\/pagina-contenido.php","meta":{"inline_featured_image":false,"_genesis_hide_title":false,"_genesis_hide_breadcrumbs":false,"_genesis_hide_singular_image":false,"_genesis_hide_footer_widgets":false,"_genesis_custom_body_class":"","_genesis_custom_post_class":"","_genesis_layout":""},"categories":[],"tags":[],"acf":[],"_links":{"self":[{"href":"https:\/\/proenfar.com\/dev2023\/wp-json\/wp\/v2\/pages\/115"}],"collection":[{"href":"https:\/\/proenfar.com\/dev2023\/wp-json\/wp\/v2\/pages"}],"about":[{"href":"https:\/\/proenfar.com\/dev2023\/wp-json\/wp\/v2\/types\/page"}],"author":[{"embeddable":true,"href":"https:\/\/proenfar.com\/dev2023\/wp-json\/wp\/v2\/users\/1"}],"replies":[{"embeddable":true,"href":"https:\/\/proenfar.com\/dev2023\/wp-json\/wp\/v2\/comments?post=115"}],"version-history":[{"count":19,"href":"https:\/\/proenfar.com\/dev2023\/wp-json\/wp\/v2\/pages\/115\/revisions"}],"predecessor-version":[{"id":1266,"href":"https:\/\/proenfar.com\/dev2023\/wp-json\/wp\/v2\/pages\/115\/revisions\/1266"}],"wp:attachment":[{"href":"https:\/\/proenfar.com\/dev2023\/wp-json\/wp\/v2\/media?parent=115"}],"wp:term":[{"taxonomy":"category","embeddable":true,"href":"https:\/\/proenfar.com\/dev2023\/wp-json\/wp\/v2\/categories?post=115"},{"taxonomy":"post_tag","embeddable":true,"href":"https:\/\/proenfar.com\/dev2023\/wp-json\/wp\/v2\/tags?post=115"}],"curies":[{"name":"wp","href":"https:\/\/api.w.org\/{rel}","templated":true}]}}