{"id":112,"date":"2023-01-08T14:51:55","date_gmt":"2023-01-08T19:51:55","guid":{"rendered":"https:\/\/keyframestudio.co\/proenfar2023\/?page_id=112"},"modified":"2023-07-07T18:51:34","modified_gmt":"2023-07-07T18:51:34","slug":"por-que-proenfar","status":"publish","type":"page","link":"https:\/\/proenfar.com\/dev2023\/por-que-proenfar\/","title":{"rendered":"Porqu\u00e9 Proenfar"},"content":{"rendered":"\n<div class=\"is-layout-flex wp-container-24 wp-block-columns mb-0 has-background\" style=\"background-color:#efecf2\">\n<div class=\"is-layout-flow wp-block-column is-vertically-aligned-center contenedor_contenido\">\n<div class=\"is-layout-flex wp-container-2 wp-block-columns\">\n<div class=\"is-layout-flow wp-block-column mb-4\"><div class=\"wp-block-image\">\n<figure class=\"aligncenter size-full is-resized\"><img decoding=\"async\" loading=\"lazy\" src=\"https:\/\/proenfar.com\/dev2023\/wp-content\/uploads\/2023\/01\/arrow_down.gif\" alt=\"\" class=\"wp-image-452\" width=\"64\" height=\"64\"\/><\/figure><\/div><\/div>\n<\/div>\n\n\n\n<div class=\"is-layout-flex wp-container-7 wp-block-columns\">\n<div class=\"is-layout-flow wp-block-column\"><div class=\"wp-block-image mt-5\">\n<figure class=\"aligncenter size-full is-resized\"><img decoding=\"async\" loading=\"lazy\" src=\"https:\/\/proenfar.com\/dev2023\/wp-content\/uploads\/2023\/01\/composicion-productos-colombia-productos-1.png\" alt=\"\" class=\"wp-image-327\" width=\"430\" height=\"401\" srcset=\"https:\/\/proenfar.com\/dev2023\/wp-content\/uploads\/2023\/01\/composicion-productos-colombia-productos-1.png 739w, https:\/\/proenfar.com\/dev2023\/wp-content\/uploads\/2023\/01\/composicion-productos-colombia-productos-1-300x280.png 300w\" sizes=\"(max-width: 430px) 100vw, 430px\" \/><\/figure><\/div><\/div>\n\n\n\n<div class=\"is-layout-flow wp-block-column\">\n<p class=\"has-text-align-left subrayatiti titulo1 mb-5\">\u00bfPor qu\u00e9 Elegirnos?<\/p>\n\n\n\n<div class=\"is-layout-flex wp-container-5 wp-block-columns\">\n<div class=\"is-layout-flow wp-block-column\">\n<figure class=\"wp-block-video\"><video controls preload=\"auto\" src=\"https:\/\/proenfar.com\/dev2023\/wp-content\/themes\/genesis-sample\/public\/media\/proenfar_75anios_es.m4v\"><\/video><\/figure>\n<\/div>\n<\/div>\n<\/div>\n<\/div>\n\n\n\n<div class=\"is-layout-flex wp-container-22 wp-block-columns\">\n<div class=\"is-layout-flow wp-block-column\">\n<div class=\"is-layout-flex wp-container-20 wp-block-columns\">\n<div class=\"is-layout-flow wp-block-column p10\">\n<h2 class=\"titulo_noticia\"><strong>D\u00eda a d\u00eda trabajamos con un equipo de innovadores en constante evoluci\u00f3n&nbsp;<\/strong><\/h2>\n\n\n\n<p><\/p>\n\n\n\n<p><\/p>\n\n\n\n<div class=\"is-layout-flex wp-container-12 wp-block-columns\">\n<div class=\"is-layout-flow wp-block-column\">\n<p><\/p>\n\n\n\n<div class=\"is-layout-flex wp-container-10 wp-block-columns\">\n<div class=\"is-layout-flow wp-block-column\" style=\"flex-basis:20%\"><div class=\"wp-block-image\">\n<figure class=\"alignleft size-full\"><img decoding=\"async\" loading=\"lazy\" width=\"62\" height=\"62\" src=\"https:\/\/proenfar.com\/dev2023\/wp-content\/uploads\/2023\/01\/icono-equipo-trabajo-proenfar.png\" alt=\"\" class=\"wp-image-336\"\/><\/figure><\/div><\/div>\n\n\n\n<div class=\"is-layout-flow wp-block-column\" style=\"flex-basis:80%\">\n<p>Desde nuestro inicio<strong> <\/strong>en el desarrollo y producci\u00f3n de envases pl\u00e1sticos nos hemos consolidado como un aliado seguro y confiable abordando los desaf\u00edos de hoy y ma\u00f1ana de forma innovadora y sostenible.<\/p>\n\n\n\n<p>El trabajo colaborativo en Proenfar, nos ha impulsado a encontrar soluciones que elevan los niveles de seguridad y desempe\u00f1o en los productos que entregamos al mercado.<\/p>\n<\/div>\n<\/div>\n<\/div>\n<\/div>\n<\/div>\n\n\n\n<div class=\"is-layout-flow wp-block-column p10\">\n<h2 class=\"titulo_noticia\"><strong>Asesor\u00eda a nuestros clientes<\/strong><\/h2>\n\n\n\n<p><\/p>\n\n\n\n<p><\/p>\n\n\n\n<p><\/p>\n\n\n\n<div class=\"is-layout-flex wp-container-18 wp-block-columns\">\n<div class=\"is-layout-flow wp-block-column\">\n<p><\/p>\n\n\n\n<div class=\"is-layout-flex wp-container-16 wp-block-columns\">\n<div class=\"is-layout-flow wp-block-column\" style=\"flex-basis:20%\"><div class=\"wp-block-image\">\n<figure class=\"alignright size-full\"><img decoding=\"async\" loading=\"lazy\" width=\"62\" height=\"62\" src=\"https:\/\/proenfar.com\/dev2023\/wp-content\/uploads\/2023\/01\/icono-clientes-trabajo-proenfar.png\" alt=\"\" class=\"wp-image-337\"\/><\/figure><\/div><\/div>\n\n\n\n<div class=\"is-layout-flow wp-block-column\" style=\"flex-basis:80%\">\n<p>Gracias a un equipo especializado&nbsp; y con experiencia en los sectores que atendemos, brindamos una asesor\u00eda integral e interdisciplinaria que abarca desde la necesidad del cliente hasta la materializaci\u00f3n en su l\u00ednea de llenado.&nbsp;<\/p>\n<\/div>\n<\/div>\n<\/div>\n<\/div>\n<\/div>\n<\/div>\n<\/div>\n<\/div>\n<\/div>\n<\/div>\n\n\n\n<div class=\"is-layout-flex wp-container-36 wp-block-columns\">\n<div class=\"is-layout-flow wp-block-column has-background\" style=\"background-color:#f6f9ed;flex-basis:100vw\">\n<div class=\"is-layout-flex wp-container-26 wp-block-columns\">\n<div class=\"is-layout-flow wp-block-column\"><div class=\"wp-block-image\">\n<figure class=\"aligncenter size-full is-resized\"><img decoding=\"async\" loading=\"lazy\" src=\"https:\/\/proenfar.com\/dev2023\/wp-content\/uploads\/2023\/01\/arrow_down.gif\" alt=\"\" class=\"wp-image-452\" width=\"64\" height=\"64\"\/><\/figure><\/div><\/div>\n<\/div>\n\n\n\n<div class=\"is-layout-flex wp-container-34 wp-block-columns contenedor_contenido mt-5 p10\">\n<div class=\"is-layout-flow wp-block-column\">\n<div class=\"is-layout-flex wp-container-32 wp-block-columns\">\n<div class=\"is-layout-flow wp-block-column\">\n<h2 class=\"subrayatiti titulo1\">Nuestras acciones est\u00e1n enfocadas en trabajar hacia la sostenibilidad<\/h2>\n\n\n\n<div class=\"is-layout-flex wp-container-29 wp-block-columns mt-5\">\n<div class=\"is-layout-flow wp-block-column\" style=\"flex-basis:20%\"><div class=\"wp-block-image\">\n<figure class=\"alignright size-full\"><img decoding=\"async\" loading=\"lazy\" width=\"62\" height=\"62\" src=\"https:\/\/proenfar.com\/dev2023\/wp-content\/uploads\/2023\/01\/icono-acciones-sostenibilidad-proenfar.png\" alt=\"\" class=\"wp-image-362\"\/><\/figure><\/div><\/div>\n\n\n\n<div class=\"is-layout-flow wp-block-column\" style=\"flex-basis:80%\">\n<p>Ayudamos a nuestros clientes a reducir la huella de carbono por medio de dise\u00f1os sostenibles y amigables con el medio ambiente.<\/p>\n\n\n\n<p>Trabajamos en la reducci\u00f3n de la huella de carbono a trav\u00e9s de dise\u00f1os sostenibles y amigables con el medio ambiente. &nbsp;Para lograrlo nos centramos en la fabricaci\u00f3n de envases reciclables y reutilizables, fabricados con una cantidad cada vez mayor de contenido reciclado y siempre estamos en la b\u00fasqueda de nuevos materiales con potencial para una econom\u00eda m\u00e1s circular.<\/p>\n<\/div>\n<\/div>\n<\/div>\n\n\n\n<div class=\"is-layout-flow wp-block-column\"><div class=\"wp-block-image\">\n<figure class=\"alignleft size-full\"><img decoding=\"async\" loading=\"lazy\" width=\"683\" height=\"631\" src=\"https:\/\/proenfar.com\/dev2023\/wp-content\/uploads\/2023\/01\/acciones-sostenibilidad-proenfar.png\" alt=\"\" class=\"wp-image-358\" srcset=\"https:\/\/proenfar.com\/dev2023\/wp-content\/uploads\/2023\/01\/acciones-sostenibilidad-proenfar.png 683w, https:\/\/proenfar.com\/dev2023\/wp-content\/uploads\/2023\/01\/acciones-sostenibilidad-proenfar-300x277.png 300w\" sizes=\"(max-width: 683px) 100vw, 683px\" \/><\/figure><\/div><\/div>\n<\/div>\n<\/div>\n<\/div>\n<\/div>\n<\/div>\n\n\n\n<div class=\"is-layout-flex wp-container-48 wp-block-columns\">\n<div class=\"is-layout-flow wp-block-column\">\n<div class=\"is-layout-flex wp-container-46 wp-block-columns\">\n<div class=\"is-layout-flow wp-block-column contenedor_contenido\">\n<div class=\"is-layout-flex wp-container-44 wp-block-columns\">\n<div class=\"is-layout-flow wp-block-column\">\n<div class=\"is-layout-flex wp-container-40 wp-block-columns\">\n<div class=\"is-layout-flow wp-block-column\">\n<div class=\"is-layout-flex wp-container-38 wp-block-columns\">\n<div class=\"is-layout-flow wp-block-column\"><div class=\"wp-block-image\">\n<figure class=\"aligncenter size-full is-resized\"><img decoding=\"async\" loading=\"lazy\" src=\"https:\/\/proenfar.com\/dev2023\/wp-content\/uploads\/2023\/01\/arrow_down.gif\" alt=\"\" class=\"wp-image-452\" width=\"64\" height=\"64\"\/><\/figure><\/div><\/div>\n<\/div>\n\n\n\n<p class=\"has-text-align-center subrayatiti titulo1\">Presencia Internacional<\/p>\n<\/div>\n<\/div>\n\n\n\n<div class=\"is-layout-flex wp-container-42 wp-block-columns\">\n<div class=\"is-layout-flow wp-block-column\">\n<iframe loading=\"lazy\" title=\"Proenfar\" width=\"100%\" height=\"600px\" src=\"https:\/\/proenfar.com\/dev2023\/models\/index.html\"><\/iframe>\n<\/div>\n<\/div>\n<\/div>\n<\/div>\n<\/div>\n<\/div>\n<\/div>\n<\/div>\n","protected":false},"excerpt":{"rendered":"<p>\u00bfPor qu\u00e9 Elegirnos? D\u00eda a d\u00eda trabajamos con un equipo de innovadores en constante evoluci\u00f3n&nbsp; Desde nuestro inicio en el desarrollo y producci\u00f3n de envases pl\u00e1sticos nos hemos consolidado como un aliado seguro y confiable abordando los desaf\u00edos de hoy y ma\u00f1ana de forma innovadora y sostenible. El trabajo colaborativo en Proenfar, nos ha impulsado [&hellip;]<\/p>\n","protected":false},"author":1,"featured_media":0,"parent":0,"menu_order":0,"comment_status":"closed","ping_status":"closed","template":"page-templates\/pagina-contenido.php","meta":{"inline_featured_image":false,"_genesis_hide_title":false,"_genesis_hide_breadcrumbs":false,"_genesis_hide_singular_image":false,"_genesis_hide_footer_widgets":false,"_genesis_custom_body_class":"","_genesis_custom_post_class":"","_genesis_layout":""},"categories":[],"tags":[],"acf":[],"_links":{"self":[{"href":"https:\/\/proenfar.com\/dev2023\/wp-json\/wp\/v2\/pages\/112"}],"collection":[{"href":"https:\/\/proenfar.com\/dev2023\/wp-json\/wp\/v2\/pages"}],"about":[{"href":"https:\/\/proenfar.com\/dev2023\/wp-json\/wp\/v2\/types\/page"}],"author":[{"embeddable":true,"href":"https:\/\/proenfar.com\/dev2023\/wp-json\/wp\/v2\/users\/1"}],"replies":[{"embeddable":true,"href":"https:\/\/proenfar.com\/dev2023\/wp-json\/wp\/v2\/comments?post=112"}],"version-history":[{"count":25,"href":"https:\/\/proenfar.com\/dev2023\/wp-json\/wp\/v2\/pages\/112\/revisions"}],"predecessor-version":[{"id":1263,"href":"https:\/\/proenfar.com\/dev2023\/wp-json\/wp\/v2\/pages\/112\/revisions\/1263"}],"wp:attachment":[{"href":"https:\/\/proenfar.com\/dev2023\/wp-json\/wp\/v2\/media?parent=112"}],"wp:term":[{"taxonomy":"category","embeddable":true,"href":"https:\/\/proenfar.com\/dev2023\/wp-json\/wp\/v2\/categories?post=112"},{"taxonomy":"post_tag","embeddable":true,"href":"https:\/\/proenfar.com\/dev2023\/wp-json\/wp\/v2\/tags?post=112"}],"curies":[{"name":"wp","href":"https:\/\/api.w.org\/{rel}","templated":true}]}}